{"id":23,"date":"2024-02-07T21:24:47","date_gmt":"2024-02-07T20:24:47","guid":{"rendered":"https:\/\/anim-etho.fr\/?page_id=23"},"modified":"2024-05-08T10:42:11","modified_gmt":"2024-05-08T08:42:11","slug":"suivi-adoption-chiot-et-education","status":"publish","type":"page","link":"https:\/\/anim-etho.fr\/index.php\/suivi-adoption-chiot-et-education\/","title":{"rendered":"Suivi adoption, chiot et \u00e9ducation &#8211; secteur Monistrol sur Loire"},"content":{"rendered":"\n<h4 class=\"wp-block-heading\"><strong>Suivi adoption\u00a0<\/strong>:<\/h4>\n\n\n\n<figure class=\"wp-block-image size-large\"><img loading=\"lazy\" decoding=\"async\" width=\"1024\" height=\"575\" src=\"http:\/\/anim-etho.fr\/wp-content\/uploads\/2024\/02\/DSC03198-1024x575.jpeg\" alt=\"\" class=\"wp-image-74\" srcset=\"https:\/\/anim-etho.fr\/wp-content\/uploads\/2024\/02\/DSC03198-1024x575.jpeg 1024w, https:\/\/anim-etho.fr\/wp-content\/uploads\/2024\/02\/DSC03198-300x168.jpeg 300w, https:\/\/anim-etho.fr\/wp-content\/uploads\/2024\/02\/DSC03198-768x431.jpeg 768w, https:\/\/anim-etho.fr\/wp-content\/uploads\/2024\/02\/DSC03198-1536x863.jpeg 1536w, https:\/\/anim-etho.fr\/wp-content\/uploads\/2024\/02\/DSC03198-2048x1150.jpeg 2048w, https:\/\/anim-etho.fr\/wp-content\/uploads\/2024\/02\/DSC03198-1170x657.jpeg 1170w\" sizes=\"auto, (max-width: 1024px) 100vw, 1024px\" \/><\/figure>\n\n\n\n<p>Vous souhaitez adopter un chien, un chat ou un nac mais vous ne savez pas comment choisir votre future compagnon ? Je vous accompagne dans les d\u00e9marches que vous souhaitez vous diriger vers une adoption en refuge ou dans un \u00e9levage, dans le choix de la race, et dans les choses \u00e0 mettre en place pour proposer une arriv\u00e9e en douceur dans son nouvel environnement.<\/p>\n\n\n\n<p><\/p>\n\n\n\n<h4 class=\"wp-block-heading\"><strong>Suivi chiot\u00a0:<\/strong><\/h4>\n\n\n\n<figure class=\"wp-block-image size-large\"><img loading=\"lazy\" decoding=\"async\" width=\"1024\" height=\"576\" src=\"http:\/\/anim-etho.fr\/wp-content\/uploads\/2024\/02\/IMG_0438-1024x576.jpeg\" alt=\"\" class=\"wp-image-72\" srcset=\"https:\/\/anim-etho.fr\/wp-content\/uploads\/2024\/02\/IMG_0438-1024x576.jpeg 1024w, https:\/\/anim-etho.fr\/wp-content\/uploads\/2024\/02\/IMG_0438-300x169.jpeg 300w, https:\/\/anim-etho.fr\/wp-content\/uploads\/2024\/02\/IMG_0438-768x432.jpeg 768w, https:\/\/anim-etho.fr\/wp-content\/uploads\/2024\/02\/IMG_0438-1536x865.jpeg 1536w, https:\/\/anim-etho.fr\/wp-content\/uploads\/2024\/02\/IMG_0438-2048x1153.jpeg 2048w, https:\/\/anim-etho.fr\/wp-content\/uploads\/2024\/02\/IMG_0438-1170x659.jpeg 1170w\" sizes=\"auto, (max-width: 1024px) 100vw, 1024px\" \/><\/figure>\n\n\n\n<p>Vous venez d\u2019adopter un chiot, et vous souhaitez \u00eatre guid\u00e9 pour vos premiers mois ensemble ? Je vous propose 5 s\u00e9ances d\u2019accompagnement :&nbsp;<\/p>\n\n\n\n<ul class=\"wp-block-list\">\n<li>Arriv\u00e9e du chiot \u00e0 la maison, et comportement du chien<\/li>\n\n\n\n<li>Sociabilit\u00e9 et socialisation &#8211;&nbsp; balade \u00e9ducative<\/li>\n\n\n\n<li>\u00c9ducation de base &#8211; soins du quotidien<\/li>\n\n\n\n<li>S\u00e9ance avec th\u00e9matique choisi par les propri\u00e9taires<\/li>\n\n\n\n<li>Jeu et rappel<\/li>\n<\/ul>\n\n\n\n<p><\/p>\n\n\n\n<h4 class=\"wp-block-heading\"><strong>Suivi \u00e9ducation<\/strong> :<\/h4>\n\n\n\n<figure class=\"wp-block-image size-large\"><img loading=\"lazy\" decoding=\"async\" width=\"1024\" height=\"589\" src=\"http:\/\/anim-etho.fr\/wp-content\/uploads\/2024\/02\/78BC4E44-3094-4A4B-A4DF-FBDFAB539C25-1024x589.jpeg\" alt=\"\" class=\"wp-image-73\" srcset=\"https:\/\/anim-etho.fr\/wp-content\/uploads\/2024\/02\/78BC4E44-3094-4A4B-A4DF-FBDFAB539C25-1024x589.jpeg 1024w, https:\/\/anim-etho.fr\/wp-content\/uploads\/2024\/02\/78BC4E44-3094-4A4B-A4DF-FBDFAB539C25-300x173.jpeg 300w, https:\/\/anim-etho.fr\/wp-content\/uploads\/2024\/02\/78BC4E44-3094-4A4B-A4DF-FBDFAB539C25-768x442.jpeg 768w, https:\/\/anim-etho.fr\/wp-content\/uploads\/2024\/02\/78BC4E44-3094-4A4B-A4DF-FBDFAB539C25-1170x673.jpeg 1170w, https:\/\/anim-etho.fr\/wp-content\/uploads\/2024\/02\/78BC4E44-3094-4A4B-A4DF-FBDFAB539C25.jpeg 1440w\" sizes=\"auto, (max-width: 1024px) 100vw, 1024px\" \/><\/figure>\n\n\n\n<p>Vous souhaitez travailler avec votre chien pour qu\u2019il vous accompagne le plus possible ? Pouvoir lui donner de la libert\u00e9 avec un bon rappel ? Un accompagnement est possible avec des s\u00e9ances adapt\u00e9es \u00e0 votre bin\u00f4me.<\/p>\n","protected":false},"excerpt":{"rendered":"<p>Suivi adoption\u00a0: Vous souhaitez adopter un chien, un chat ou un nac mais vous ne savez pas comment choisir votre future compagnon ? Je vous accompagne dans les d\u00e9marches que vous souhaitez vous diriger vers une adoption en refuge ou dans un \u00e9levage, dans le choix de la race, et dans les choses \u00e0 mettre [&hellip;]<\/p>\n","protected":false},"author":1,"featured_media":0,"parent":0,"menu_order":0,"comment_status":"closed","ping_status":"closed","template":"","meta":{"footnotes":""},"class_list":["post-23","page","type-page","status-publish","hentry"],"_links":{"self":[{"href":"https:\/\/anim-etho.fr\/index.php\/wp-json\/wp\/v2\/pages\/23","targetHints":{"allow":["GET"]}}],"collection":[{"href":"https:\/\/anim-etho.fr\/index.php\/wp-json\/wp\/v2\/pages"}],"about":[{"href":"https:\/\/anim-etho.fr\/index.php\/wp-json\/wp\/v2\/types\/page"}],"author":[{"embeddable":true,"href":"https:\/\/anim-etho.fr\/index.php\/wp-json\/wp\/v2\/users\/1"}],"replies":[{"embeddable":true,"href":"https:\/\/anim-etho.fr\/index.php\/wp-json\/wp\/v2\/comments?post=23"}],"version-history":[{"count":4,"href":"https:\/\/anim-etho.fr\/index.php\/wp-json\/wp\/v2\/pages\/23\/revisions"}],"predecessor-version":[{"id":115,"href":"https:\/\/anim-etho.fr\/index.php\/wp-json\/wp\/v2\/pages\/23\/revisions\/115"}],"wp:attachment":[{"href":"https:\/\/anim-etho.fr\/index.php\/wp-json\/wp\/v2\/media?parent=23"}],"curies":[{"name":"wp","href":"https:\/\/api.w.org\/{rel}","templated":true}]}}