{"id":27,"date":"2024-02-07T21:25:49","date_gmt":"2024-02-07T20:25:49","guid":{"rendered":"https:\/\/anim-etho.fr\/?page_id=27"},"modified":"2024-05-08T10:41:36","modified_gmt":"2024-05-08T08:41:36","slug":"stages-et-animations","status":"publish","type":"page","link":"https:\/\/anim-etho.fr\/index.php\/stages-et-animations\/","title":{"rendered":"Stages et animations comportement animal &#8211; Haute Loire"},"content":{"rendered":"\n<h4 class=\"wp-block-heading\"><strong>Les animations<\/strong> <strong>scolaires et extra-scolaires :<\/strong><\/h4>\n\n\n\n<p>Vous souhaitez une animation pour une classe, pour un groupe dans un centre de loisir ? Je propose diff\u00e9rents types d\u2019animations, et celle-ci peut \u00eatre adapt\u00e9e \u00e0 votre demande. Les animations durent en moyenne 2 heures. Je propose par exemple : <\/p>\n\n\n\n<ul class=\"wp-block-list\">\n<li>Animation sur l\u2019\u00e9thologie (comportement animal)<\/li>\n\n\n\n<li>Animation pr\u00e9vention morsure<\/li>\n\n\n\n<li>Animation d\u00e9couverte de la nature<\/li>\n<\/ul>\n\n\n\n<h4 class=\"wp-block-heading\"><strong>Les stages : <\/strong><\/h4>\n\n\n\n<p>Comme pour les animations, les stages peuvent \u00eatre adapt\u00e9s \u00e0 la demande d\u2019un club canin, d\u2019une clinique v\u00e9t\u00e9rinaire ou d\u2019un groupe de particulier avec leurs chiens. Les stages peuvent \u00eatre sur une demi-journ\u00e9e ou une journ\u00e9e enti\u00e8re.  Je propose par exemple : <\/p>\n\n\n\n<ul class=\"wp-block-list\">\n<li>Stage clicker training<\/li>\n\n\n\n<li>Stage agility d\u00e9butant<\/li>\n\n\n\n<li>Stage proprioception d\u00e9butant<\/li>\n\n\n\n<li>Stage comportement canin<\/li>\n\n\n\n<li>Stage relation homme-animal <\/li>\n\n\n\n<li>Stage m\u00e9dical training<\/li>\n<\/ul>\n\n\n\n<p>N\u2019h\u00e9sitez pas \u00e0 me contacter pour \u00e9changer de votre projet. <\/p>\n","protected":false},"excerpt":{"rendered":"<p>Les animations scolaires et extra-scolaires : Vous souhaitez une animation pour une classe, pour un groupe dans un centre de loisir ? Je propose diff\u00e9rents types d\u2019animations, et celle-ci peut \u00eatre adapt\u00e9e \u00e0 votre demande. Les animations durent en moyenne 2 heures. Je propose par exemple : Les stages : Comme pour les animations, les [&hellip;]<\/p>\n","protected":false},"author":1,"featured_media":0,"parent":0,"menu_order":0,"comment_status":"closed","ping_status":"closed","template":"","meta":{"footnotes":""},"class_list":["post-27","page","type-page","status-publish","hentry"],"_links":{"self":[{"href":"https:\/\/anim-etho.fr\/index.php\/wp-json\/wp\/v2\/pages\/27","targetHints":{"allow":["GET"]}}],"collection":[{"href":"https:\/\/anim-etho.fr\/index.php\/wp-json\/wp\/v2\/pages"}],"about":[{"href":"https:\/\/anim-etho.fr\/index.php\/wp-json\/wp\/v2\/types\/page"}],"author":[{"embeddable":true,"href":"https:\/\/anim-etho.fr\/index.php\/wp-json\/wp\/v2\/users\/1"}],"replies":[{"embeddable":true,"href":"https:\/\/anim-etho.fr\/index.php\/wp-json\/wp\/v2\/comments?post=27"}],"version-history":[{"count":3,"href":"https:\/\/anim-etho.fr\/index.php\/wp-json\/wp\/v2\/pages\/27\/revisions"}],"predecessor-version":[{"id":114,"href":"https:\/\/anim-etho.fr\/index.php\/wp-json\/wp\/v2\/pages\/27\/revisions\/114"}],"wp:attachment":[{"href":"https:\/\/anim-etho.fr\/index.php\/wp-json\/wp\/v2\/media?parent=27"}],"curies":[{"name":"wp","href":"https:\/\/api.w.org\/{rel}","templated":true}]}}